{"id":1631,"date":"2024-03-21T04:55:24","date_gmt":"2024-03-21T04:55:24","guid":{"rendered":"https:\/\/itcroctheme.com\/cresta\/wp\/?page_id=1631"},"modified":"2025-03-21T14:45:53","modified_gmt":"2025-03-21T14:45:53","slug":"karriera","status":"publish","type":"page","link":"https:\/\/albamedia.al\/en\/karriera\/","title":{"rendered":"Career"},"content":{"rendered":"<div data-elementor-type=\"wp-page\" data-elementor-id=\"1631\" class=\"elementor elementor-1631\" data-elementor-post-type=\"page\">\n\t\t\t\t\t\t<section class=\"elementor-section elementor-top-section elementor-element elementor-element-724669d elementor-section-full_width elementor-section-height-default elementor-section-height-default\" data-id=\"724669d\" data-element_type=\"section\">\n\t\t\t\t\t\t<div class=\"elementor-container elementor-column-gap-no\">\n\t\t\t\t\t<div class=\"elementor-column elementor-col-100 elementor-top-column elementor-element elementor-element-9697d2e\" data-id=\"9697d2e\" data-element_type=\"column\">\n\t\t\t<div class=\"elementor-widget-wrap elementor-element-populated\">\n\t\t\t\t\t\t<div class=\"elementor-element elementor-element-fb130d5 elementor-widget elementor-widget-int-hero-four\" data-id=\"fb130d5\" data-element_type=\"widget\" data-widget_type=\"int-hero-four.default\">\n\t\t\t\t<div class=\"elementor-widget-container\">\n\t\t\t\t\t        <div class=\"tg-hero-4-area tg-hero-4-height z-index theme-bg p-relative fix\">\r\n            <div class=\"tg-hero-4-shape-2\">\r\n                <img fetchpriority=\"high\" decoding=\"async\" width=\"1920\" height=\"856\" src=\"https:\/\/albamedia.al\/wp-content\/uploads\/2024\/03\/shape-4.png\" class=\"attachment-full size-full\" alt=\"\" srcset=\"https:\/\/albamedia.al\/wp-content\/uploads\/2024\/03\/shape-4.png 1920w, https:\/\/albamedia.al\/wp-content\/uploads\/2024\/03\/shape-4-600x268.png 600w\" sizes=\"(max-width: 1920px) 100vw, 1920px\" \/>            <\/div>\r\n            <div class=\"container\">\r\n                <div class=\"row\">\r\n                    <div class=\"offset-xl-7 offset-lg-7 col-xl-5 col-lg-5\">\r\n                        <div class=\"tg-hero-4-content z-index-9\">\r\n                            <div class=\"tg-hero-4itle-box mb-20\">\r\n                                                                                                    <h1 class=\"tg-hero-title text-white wow tgfadeUp\" data-wow-duration=\".9s\"\r\n                                        data-wow-delay=\".5s\">Join Albamedia<\/h1>\r\n                                                            <\/div>\r\n                                                            <div class=\"tg-hero-text mb-45 wow tgfadeUp\" data-wow-duration=\".9s\"\r\n                                     data-wow-delay=\".7s\">\r\n                                    <p>\r\n                                        We are passionate about building a team of highly qualified, customer-focused individuals who enthusiastically contribute to our corporate culture and the success of our company. With competitive salaries and benefits offered at Albamedia, you're not just building a career, you're building a future!                                    <\/p>\r\n                                <\/div>\r\n                                                                                        <div class=\"tg-hero-button wow tgfadeUp\" data-wow-duration=\".9s\" data-wow-delay=\".9s\">\r\n                                    <a class=\"tg-btn-gradient\" href=\"#pozicione\">\r\n                                        Vacant Positions                                        <span>\r\n                                        <svg width=\"17\" height=\"12\" viewbox=\"0 0 17 12\" fill=\"none\"\r\n                                             xmlns=\"http:\/\/www.w3.org\/2000\/svg\">\r\n                                            <path\r\n                                                    d=\"M15.6875 6.71875L11.6875 10.7188C11.3125 11.125 10.6562 11.125 10.2812 10.7188C9.875 10.3438 9.875 9.6875 10.2812 9.3125L12.5625 7H1C0.4375 7 0 6.5625 0 6C0 5.40625 0.4375 5 1 5H12.5625L10.2812 2.71875C9.875 2.34375 9.875 1.6875 10.2812 1.3125C10.6562 0.90625 11.3125 0.90625 11.6875 1.3125L15.6875 5.3125C16.0938 5.6875 16.0938 6.34375 15.6875 6.71875Z\"\r\n                                                    fill=\"white\"\/>\r\n                                        <\/svg>\r\n                                    <\/span>\r\n                                    <\/a>\r\n                                <\/div>\r\n                                                    <\/div>\r\n                    <\/div>\r\n                <\/div>\r\n            <\/div>\r\n            <div class=\"tg-hero-4-thumb-box z-index p-relative\">\r\n                <div class=\"tg-hero-4-main-thumb\" data-mask-src=\"https:\/\/albamedia.al\/wp-content\/plugins\/cresta-core\/assets\/img\/vector-4.png\">\r\n                    <img decoding=\"async\" width=\"707\" height=\"529\" src=\"https:\/\/albamedia.al\/wp-content\/uploads\/2024\/09\/CSDCS.pngcxz.png\" class=\"attachment-full size-full\" alt=\"\" srcset=\"https:\/\/albamedia.al\/wp-content\/uploads\/2024\/09\/CSDCS.pngcxz.png 707w, https:\/\/albamedia.al\/wp-content\/uploads\/2024\/09\/CSDCS.pngcxz-300x224.png 300w, https:\/\/albamedia.al\/wp-content\/uploads\/2024\/09\/CSDCS.pngcxz-600x449.png 600w\" sizes=\"(max-width: 707px) 100vw, 707px\" \/>                <\/div>\r\n                <div class=\"tg-hero-4-thumb-sm d-none d-lg-block\" data-mask-src=\"https:\/\/albamedia.al\/wp-content\/plugins\/cresta-core\/assets\/img\/vector-5.png\">\r\n                    <img decoding=\"async\" width=\"373\" height=\"373\" src=\"https:\/\/albamedia.al\/wp-content\/uploads\/2024\/08\/hero-4-2CXZC.png\" class=\"attachment-full size-full\" alt=\"\" srcset=\"https:\/\/albamedia.al\/wp-content\/uploads\/2024\/08\/hero-4-2CXZC.png 373w, https:\/\/albamedia.al\/wp-content\/uploads\/2024\/08\/hero-4-2CXZC-300x300.png 300w, https:\/\/albamedia.al\/wp-content\/uploads\/2024\/08\/hero-4-2CXZC-150x150.png 150w, https:\/\/albamedia.al\/wp-content\/uploads\/2024\/08\/hero-4-2CXZC-100x100.png 100w\" sizes=\"(max-width: 373px) 100vw, 373px\" \/>                <\/div>\r\n            <\/div>\r\n            <div class=\"tg-hero-4-shape-1\">\r\n                <img loading=\"lazy\" decoding=\"async\" width=\"836\" height=\"637\" src=\"https:\/\/albamedia.al\/wp-content\/uploads\/2024\/03\/shape-4-1.svg\" class=\"attachment-full size-full\" alt=\"\" \/>            <\/div>\r\n        <\/div>\r\n        \t\t\t\t<\/div>\n\t\t\t\t<\/div>\n\t\t\t\t\t<\/div>\n\t\t<\/div>\n\t\t\t\t\t<\/div>\n\t\t<\/section>\n\t\t\t\t<section class=\"elementor-section elementor-top-section elementor-element elementor-element-58508f0 elementor-section-boxed elementor-section-height-default elementor-section-height-default\" data-id=\"58508f0\" data-element_type=\"section\">\n\t\t\t\t\t\t<div class=\"elementor-container elementor-column-gap-default\">\n\t\t\t\t\t<div class=\"elementor-column elementor-col-100 elementor-top-column elementor-element elementor-element-b45ede7\" data-id=\"b45ede7\" data-element_type=\"column\">\n\t\t\t<div class=\"elementor-widget-wrap elementor-element-populated\">\n\t\t\t\t\t\t<div class=\"elementor-element elementor-element-4579944 elementor-widget elementor-widget-menu-anchor\" data-id=\"4579944\" data-element_type=\"widget\" data-widget_type=\"menu-anchor.default\">\n\t\t\t\t<div class=\"elementor-widget-container\">\n\t\t\t\t\t\t\t<div class=\"elementor-menu-anchor\" id=\"pozicione\"><\/div>\n\t\t\t\t\t\t<\/div>\n\t\t\t\t<\/div>\n\t\t\t\t<div class=\"elementor-element elementor-element-70a6ec8 elementor-widget elementor-widget-int-sec-title\" data-id=\"70a6ec8\" data-element_type=\"widget\" data-widget_type=\"int-sec-title.default\">\n\t\t\t\t<div class=\"elementor-widget-container\">\n\t\t\t\t\t\r\n                <div class=\"sec-title\">\r\n                            <span class=\"tg-section-subtitle\">Apply Now<\/span>\r\n                            <h2 class=\"tg-section-title\">Vacant Positions<\/h2>\r\n                    <\/div>\r\n    \t\t\t\t<\/div>\n\t\t\t\t<\/div>\n\t\t\t\t<div class=\"elementor-element elementor-element-979f60a elementor-widget elementor-widget-int-project-v4\" data-id=\"979f60a\" data-element_type=\"widget\" data-widget_type=\"int-project-v4.default\">\n\t\t\t\t<div class=\"elementor-widget-container\">\n\t\t\t\t\t<div class=\"tg-exp-wrap\"><div class=\"row\">\r\n                        <div class=\"col-xl-12 mb-55 wow tgfadeUp\" data-wow-duration=\".9s\" data-wow-delay=\".3s\">\r\n                            <div class=\"tg-exp-item tg-reveal-item p-relative active\">\r\n                                <a href=\"https:\/\/albamedia.al\/en\/merchandiser-per-partneret-retail\/\">\r\n                                    <div class=\"row align-items-center\">\r\n                                        <div class=\"col-xl-6 col-lg-8 col-md-8\">\r\n                                            <div class=\"tg-exp-content\">\r\n                                                <h4 class=\"tg-exp-title-sm\">Merchandiser \u2013 For Retail Partners<\/h4>\r\n                                                <p><\/p>\r\n                                            <\/div>\r\n                                        <\/div>\r\n                                        <div class=\"col-xl-6 col-lg-4 col-md-4\">\r\n                                            <div class=\"tg-exp-arrow text-md-end\">\r\n                                                <i class=\"fa-regular fa-arrow-right-long\"><\/i>\r\n                                            <\/div>\r\n                                        <\/div>\r\n                                    <\/div>\r\n                                <\/a>\r\n                                <div class=\"tg-reveal-bg\" \"><\/div>\r\n                            <\/div>\r\n                        <\/div>\r\n\r\n                        \r\n                        <div class=\"col-xl-12 mb-55 wow tgfadeUp\" data-wow-duration=\".9s\" data-wow-delay=\".3s\">\r\n                            <div class=\"tg-exp-item tg-reveal-item p-relative active\">\r\n                                <a href=\"https:\/\/albamedia.al\/en\/karriera\/it-supplies-category-manager\/\">\r\n                                    <div class=\"row align-items-center\">\r\n                                        <div class=\"col-xl-6 col-lg-8 col-md-8\">\r\n                                            <div class=\"tg-exp-content\">\r\n                                                <h4 class=\"tg-exp-title-sm\">IT Supplies Category Manager<\/h4>\r\n                                                <p><\/p>\r\n                                            <\/div>\r\n                                        <\/div>\r\n                                        <div class=\"col-xl-6 col-lg-4 col-md-4\">\r\n                                            <div class=\"tg-exp-arrow text-md-end\">\r\n                                                <i class=\"fa-regular fa-arrow-right-long\"><\/i>\r\n                                            <\/div>\r\n                                        <\/div>\r\n                                    <\/div>\r\n                                <\/a>\r\n                                <div class=\"tg-reveal-bg\" \"><\/div>\r\n                            <\/div>\r\n                        <\/div>\r\n\r\n                        \r\n                        <div class=\"col-xl-12 mb-55 wow tgfadeUp\" data-wow-duration=\".9s\" data-wow-delay=\".3s\">\r\n                            <div class=\"tg-exp-item tg-reveal-item p-relative active\">\r\n                                <a href=\"https:\/\/albamedia.al\/en\/karriera\/technical-pre-after-sales-support-for-pos-devices\/\">\r\n                                    <div class=\"row align-items-center\">\r\n                                        <div class=\"col-xl-6 col-lg-8 col-md-8\">\r\n                                            <div class=\"tg-exp-content\">\r\n                                                <h4 class=\"tg-exp-title-sm\">Technical Pre\/After Sales Support for POS Devices<\/h4>\r\n                                                <p><\/p>\r\n                                            <\/div>\r\n                                        <\/div>\r\n                                        <div class=\"col-xl-6 col-lg-4 col-md-4\">\r\n                                            <div class=\"tg-exp-arrow text-md-end\">\r\n                                                <i class=\"fa-regular fa-arrow-right-long\"><\/i>\r\n                                            <\/div>\r\n                                        <\/div>\r\n                                    <\/div>\r\n                                <\/a>\r\n                                <div class=\"tg-reveal-bg\" \"><\/div>\r\n                            <\/div>\r\n                        <\/div>\r\n\r\n                        <\/div><\/div>\t\t\t\t<\/div>\n\t\t\t\t<\/div>\n\t\t\t\t\t<\/div>\n\t\t<\/div>\n\t\t\t\t\t<\/div>\n\t\t<\/section>\n\t\t\t\t<section class=\"elementor-section elementor-top-section elementor-element elementor-element-fea62e5 elementor-section-boxed elementor-section-height-default elementor-section-height-default\" data-id=\"fea62e5\" data-element_type=\"section\">\n\t\t\t\t\t\t<div class=\"elementor-container elementor-column-gap-default\">\n\t\t\t\t\t<div class=\"elementor-column elementor-col-100 elementor-top-column elementor-element elementor-element-ff4a7c5\" data-id=\"ff4a7c5\" data-element_type=\"column\">\n\t\t\t<div class=\"elementor-widget-wrap elementor-element-populated\">\n\t\t\t\t\t\t<section class=\"elementor-section elementor-inner-section elementor-element elementor-element-9c7fb02 elementor-section-boxed elementor-section-height-default elementor-section-height-default\" data-id=\"9c7fb02\" data-element_type=\"section\" data-settings=\"{&quot;background_background&quot;:&quot;classic&quot;}\">\n\t\t\t\t\t\t\t<div class=\"elementor-background-overlay\"><\/div>\n\t\t\t\t\t\t\t<div class=\"elementor-container elementor-column-gap-default\">\n\t\t\t\t\t<div class=\"elementor-column elementor-col-100 elementor-inner-column elementor-element elementor-element-678b9d4\" data-id=\"678b9d4\" data-element_type=\"column\">\n\t\t\t<div class=\"elementor-widget-wrap elementor-element-populated\">\n\t\t\t\t\t\t<div class=\"elementor-element elementor-element-855222f elementor-widget elementor-widget-int-sec-title\" data-id=\"855222f\" data-element_type=\"widget\" data-widget_type=\"int-sec-title.default\">\n\t\t\t\t<div class=\"elementor-widget-container\">\n\t\t\t\t\t\r\n                <div class=\"sec-title\">\r\n                            <span class=\"tg-section-subtitle\">EXPRESS INTEREST \/ INTERNSHIP<\/span>\r\n                            <h2 class=\"tg-section-title\">Join Us<\/h2>\r\n                    <\/div>\r\n    \t\t\t\t<\/div>\n\t\t\t\t<\/div>\n\t\t\t\t<div class=\"elementor-element elementor-element-a636548 elementor-button-align-stretch elementor-widget elementor-widget-form\" data-id=\"a636548\" data-element_type=\"widget\" data-settings=\"{&quot;step_next_label&quot;:&quot;Next&quot;,&quot;step_previous_label&quot;:&quot;Previous&quot;,&quot;button_width&quot;:&quot;100&quot;,&quot;step_type&quot;:&quot;number_text&quot;,&quot;step_icon_shape&quot;:&quot;circle&quot;}\" data-widget_type=\"form.default\">\n\t\t\t\t<div class=\"elementor-widget-container\">\n\t\t\t\t\t\t\t<form class=\"elementor-form\" method=\"post\" name=\"New Form\" action=\"\">\n\t\t\t<input type=\"hidden\" name=\"post_id\" value=\"1631\"\/>\n\t\t\t<input type=\"hidden\" name=\"form_id\" value=\"a636548\"\/>\n\t\t\t<input type=\"hidden\" name=\"referer_title\" value=\"\" \/>\n\n\t\t\t\n\t\t\t<div class=\"elementor-form-fields-wrapper elementor-labels-above\">\n\t\t\t\t\t\t\t\t<div class=\"elementor-field-type-text elementor-field-group elementor-column elementor-field-group-name elementor-col-33 elementor-field-required elementor-mark-required\">\n\t\t\t\t\t\t\t\t\t\t\t\t<label for=\"form-field-name\" class=\"elementor-field-label\">\n\t\t\t\t\t\t\t\tName Surname\t\t\t\t\t\t\t<\/label>\n\t\t\t\t\t\t\t\t\t\t\t\t\t\t<input size=\"1\" type=\"text\" name=\"form_fields[name]\" id=\"form-field-name\" class=\"elementor-field elementor-size-xs  elementor-field-textual\" required=\"required\">\n\t\t\t\t\t\t\t\t\t\t\t<\/div>\n\t\t\t\t\t\t\t\t<div class=\"elementor-field-type-email elementor-field-group elementor-column elementor-field-group-email elementor-col-33 elementor-field-required elementor-mark-required\">\n\t\t\t\t\t\t\t\t\t\t\t\t<label for=\"form-field-email\" class=\"elementor-field-label\">\n\t\t\t\t\t\t\t\tEmail\t\t\t\t\t\t\t<\/label>\n\t\t\t\t\t\t\t\t\t\t\t\t\t\t<input size=\"1\" type=\"email\" name=\"form_fields[email]\" id=\"form-field-email\" class=\"elementor-field elementor-size-xs  elementor-field-textual\" required=\"required\">\n\t\t\t\t\t\t\t\t\t\t\t<\/div>\n\t\t\t\t\t\t\t\t<div class=\"elementor-field-type-tel elementor-field-group elementor-column elementor-field-group-field_08aa5c7 elementor-col-33 elementor-field-required elementor-mark-required\">\n\t\t\t\t\t\t\t\t\t\t\t\t<label for=\"form-field-field_08aa5c7\" class=\"elementor-field-label\">\n\t\t\t\t\t\t\t\tPhone\t\t\t\t\t\t\t<\/label>\n\t\t\t\t\t\t\t\t<input size=\"1\" type=\"tel\" name=\"form_fields[field_08aa5c7]\" id=\"form-field-field_08aa5c7\" class=\"elementor-field elementor-size-xs  elementor-field-textual\" required=\"required\" pattern=\"[0-9()#&amp;+*-=.]+\" title=\"Only numbers and phone characters (#, -, *, etc) are accepted.\">\n\n\t\t\t\t\t\t<\/div>\n\t\t\t\t\t\t\t\t<div class=\"elementor-field-type-upload elementor-field-group elementor-column elementor-field-group-message elementor-col-33 elementor-field-required elementor-mark-required\">\n\t\t\t\t\t\t\t\t\t\t\t\t<label for=\"form-field-message\" class=\"elementor-field-label\">\n\t\t\t\t\t\t\t\tCV\t\t\t\t\t\t\t<\/label>\n\t\t\t\t\t\t\t\t<input type=\"file\" name=\"form_fields[message]\" id=\"form-field-message\" class=\"elementor-field elementor-size-xs  elementor-upload-field\" required=\"required\">\n\n\t\t\t\t\t\t<\/div>\n\t\t\t\t\t\t\t\t<div class=\"elementor-field-type-upload elementor-field-group elementor-column elementor-field-group-field_653497d elementor-col-33\">\n\t\t\t\t\t\t\t\t\t\t\t\t<label for=\"form-field-field_653497d\" class=\"elementor-field-label\">\n\t\t\t\t\t\t\t\tOther Documents\t\t\t\t\t\t\t<\/label>\n\t\t\t\t\t\t\t\t<input type=\"file\" name=\"form_fields[field_653497d][]\" id=\"form-field-field_653497d\" class=\"elementor-field elementor-size-xs  elementor-upload-field\" multiple=\"multiple\" data-maxsize=\"20\" data-maxsize-message=\"This file exceeds the maximum allowed size.\">\n\n\t\t\t\t\t\t<\/div>\n\t\t\t\t\t\t\t\t<div class=\"elementor-field-group elementor-column elementor-field-type-submit elementor-col-100 e-form__buttons\">\n\t\t\t\t\t<button class=\"elementor-button elementor-size-sm\" type=\"submit\">\n\t\t\t\t\t\t<span class=\"elementor-button-content-wrapper\">\n\t\t\t\t\t\t\t\t\t\t\t\t\t\t\t\t\t\t\t\t\t\t<span class=\"elementor-button-text\">Apply<\/span>\n\t\t\t\t\t\t\t\t\t\t\t\t\t<\/span>\n\t\t\t\t\t<\/button>\n\t\t\t\t<\/div>\n\t\t\t<\/div>\n\t\t<input type=\"hidden\" name=\"trp-form-language\" value=\"en\"\/><\/form>\n\t\t\t\t\t\t<\/div>\n\t\t\t\t<\/div>\n\t\t\t\t\t<\/div>\n\t\t<\/div>\n\t\t\t\t\t<\/div>\n\t\t<\/section>\n\t\t\t\t\t<\/div>\n\t\t<\/div>\n\t\t\t\t\t<\/div>\n\t\t<\/section>\n\t\t\t\t<\/div>","protected":false},"excerpt":{"rendered":"<p>B\u00ebhu pjes\u00eb e Albamedia Ne jemi t\u00eb apasionuar p\u00ebr nd\u00ebrtimin e nj\u00eb ekipi individ\u00ebsh shum\u00eb t\u00eb kualifikuar, t\u00eb fokusuar tek klient\u00ebt, t\u00eb cil\u00ebt kontribuojn\u00eb me entuziaz\u00ebm n\u00eb kultur\u00ebn ton\u00eb t\u00eb korporat\u00ebs dhe suksesin e kompanis\u00eb son\u00eb. Me pag\u00ebn konkurruese dhe p\u00ebrfitimet e ofruara n\u00eb Albamedia, ju nd\u00ebrtoni m\u00eb shum\u00eb se nj\u00eb karrier\u00eb, ju nd\u00ebrtoni nj\u00eb [&hellip;]<\/p>","protected":false},"author":1,"featured_media":0,"parent":0,"menu_order":0,"comment_status":"closed","ping_status":"closed","template":"cresta-template.php","meta":{"inline_featured_image":false,"footnotes":""},"class_list":["post-1631","page","type-page","status-publish","hentry"],"_links":{"self":[{"href":"https:\/\/albamedia.al\/en\/wp-json\/wp\/v2\/pages\/1631","targetHints":{"allow":["GET"]}}],"collection":[{"href":"https:\/\/albamedia.al\/en\/wp-json\/wp\/v2\/pages"}],"about":[{"href":"https:\/\/albamedia.al\/en\/wp-json\/wp\/v2\/types\/page"}],"author":[{"embeddable":true,"href":"https:\/\/albamedia.al\/en\/wp-json\/wp\/v2\/users\/1"}],"replies":[{"embeddable":true,"href":"https:\/\/albamedia.al\/en\/wp-json\/wp\/v2\/comments?post=1631"}],"version-history":[{"count":46,"href":"https:\/\/albamedia.al\/en\/wp-json\/wp\/v2\/pages\/1631\/revisions"}],"predecessor-version":[{"id":4190,"href":"https:\/\/albamedia.al\/en\/wp-json\/wp\/v2\/pages\/1631\/revisions\/4190"}],"wp:attachment":[{"href":"https:\/\/albamedia.al\/en\/wp-json\/wp\/v2\/media?parent=1631"}],"curies":[{"name":"wp","href":"https:\/\/api.w.org\/{rel}","templated":true}]}}