{"id":3967,"date":"2024-10-15T13:06:50","date_gmt":"2024-10-15T13:06:50","guid":{"rendered":"https:\/\/albamedia.al\/?page_id=3967"},"modified":"2024-10-15T13:08:23","modified_gmt":"2024-10-15T13:08:23","slug":"termat-kushtet","status":"publish","type":"page","link":"https:\/\/albamedia.al\/en\/termat-kushtet\/","title":{"rendered":"Termat &#038; Kushtet"},"content":{"rendered":"<div data-elementor-type=\"wp-page\" data-elementor-id=\"3967\" class=\"elementor elementor-3967\" data-elementor-post-type=\"page\">\n\t\t\t\t\t\t<section class=\"elementor-section elementor-top-section elementor-element elementor-element-7ca7f37 elementor-section-height-min-height elementor-section-content-middle elementor-section-stretched elementor-section-boxed elementor-section-height-default elementor-section-items-middle\" data-id=\"7ca7f37\" data-element_type=\"section\" data-settings=\"{&quot;stretch_section&quot;:&quot;section-stretched&quot;,&quot;background_background&quot;:&quot;classic&quot;}\">\n\t\t\t\t\t\t\t<div class=\"elementor-background-overlay\"><\/div>\n\t\t\t\t\t\t\t<div class=\"elementor-container elementor-column-gap-default\">\n\t\t\t\t\t<div class=\"elementor-column elementor-col-100 elementor-top-column elementor-element elementor-element-424f55c\" data-id=\"424f55c\" data-element_type=\"column\">\n\t\t\t<div class=\"elementor-widget-wrap elementor-element-populated\">\n\t\t\t\t\t\t<div class=\"elementor-element elementor-element-15334a5 elementor-vertical-align-middle elementor-widget elementor-widget-image-box\" data-id=\"15334a5\" data-element_type=\"widget\" data-widget_type=\"image-box.default\">\n\t\t\t\t<div class=\"elementor-widget-container\">\n\t\t\t\t\t<div class=\"elementor-image-box-wrapper\"><div class=\"elementor-image-box-content\"><h3 class=\"elementor-image-box-title\">Termat &amp; Kushtet<\/h3><\/div><\/div>\t\t\t\t<\/div>\n\t\t\t\t<\/div>\n\t\t\t\t\t<\/div>\n\t\t<\/div>\n\t\t\t\t\t<\/div>\n\t\t<\/section>\n\t\t\t\t<section class=\"elementor-section elementor-top-section elementor-element elementor-element-48ce12f8 elementor-section-boxed elementor-section-height-default elementor-section-height-default\" data-id=\"48ce12f8\" data-element_type=\"section\">\n\t\t\t\t\t\t<div class=\"elementor-container elementor-column-gap-default\">\n\t\t\t\t\t<div class=\"elementor-column elementor-col-100 elementor-top-column elementor-element elementor-element-1f1358f3\" data-id=\"1f1358f3\" data-element_type=\"column\">\n\t\t\t<div class=\"elementor-widget-wrap elementor-element-populated\">\n\t\t\t\t\t\t<div class=\"elementor-element elementor-element-3efac2c9 elementor-widget elementor-widget-text-editor\" data-id=\"3efac2c9\" data-element_type=\"widget\" data-widget_type=\"text-editor.default\">\n\t\t\t\t<div class=\"elementor-widget-container\">\n\t\t\t\t\t\t\t\t\t<p>\u00a0<\/p><p>\u00a0<\/p><p><em>P\u00ebrdit\u00ebsimi i fundit: 22.07.2024<\/em><\/p><p>Mir\u00ebsevini n\u00eb Albamedia! Duke p\u00ebrdorur faqen ton\u00eb t\u00eb internetit dhe sh\u00ebrbimet tona, ju pranoni t\u00eb pajtoheni dhe t\u00eb jeni t\u00eb detyruar nga termat dhe kushtet e m\u00ebposhtme. Ju lutemi rishikoni ato me kujdes.<\/p><ol><li><strong> Pranimi i kushteve<\/strong><\/li><\/ol><p>Duke hyr\u00eb dhe duke p\u00ebrdorur faqen dhe sh\u00ebrbimet e Albamedia, ju pranoni dhe pranoni t\u00eb jeni t\u00eb detyruar nga k\u00ebto Terma dhe Kushte. N\u00ebse nuk jeni dakord me k\u00ebto kushte, nuk duhet t\u00eb p\u00ebrdorni sh\u00ebrbimet tona.<\/p><ol start=\"2\"><li><strong> Ndryshimet e Kushteve<\/strong><\/li><\/ol><p>Albamedia rezervon t\u00eb drejt\u00ebn t\u00eb modifikoj\u00eb k\u00ebto kushte n\u00eb \u00e7do koh\u00eb. \u00c7do ndryshim do t\u00eb hyj\u00eb n\u00eb fuqi menj\u00ebher\u00eb pas postimit. P\u00ebrdorimi i vazhduesh\u00ebm i sajtit dhe sh\u00ebrbimeve pas postimit t\u00eb ndryshimeve do t\u00eb p\u00ebrb\u00ebj\u00eb pranimin tuaj t\u00eb kushteve t\u00eb rishikuara.<\/p><ol start=\"3\"><li><strong> Politika e privat\u00ebsis\u00eb<\/strong><\/li><\/ol><p>P\u00ebrdorimi juaj i faqes \u00ebsht\u00eb gjithashtu subjekt i Politik\u00ebs son\u00eb t\u00eb Privat\u00ebsis\u00eb. Ju lutemi rishikoni Politik\u00ebn ton\u00eb t\u00eb Privat\u00ebsis\u00eb p\u00ebr t\u00eb kuptuar praktikat tona n\u00eb lidhje me t\u00eb dh\u00ebnat tuaja personale.<\/p><ol start=\"4\"><li><strong> P\u00ebrdorimi i Faqes<\/strong><\/li><\/ol><p>Ju pranoni t\u00eb p\u00ebrdorni faqen dhe sh\u00ebrbimet vet\u00ebm p\u00ebr q\u00ebllime t\u00eb ligjshme dhe n\u00eb nj\u00eb m\u00ebnyr\u00eb q\u00eb nuk cenon, kufizoj\u00eb ose pengon p\u00ebrdorimin dhe g\u00ebzimin e faqes nga dikush tjet\u00ebr.<\/p><ol start=\"5\"><li><strong> Pron\u00ebsia Intelektuale<\/strong><\/li><\/ol><p>E gjith\u00eb p\u00ebrmbajtja n\u00eb sajt, duke p\u00ebrfshir\u00eb por pa u kufizuar n\u00eb tekst, grafik\u00eb, logo dhe softuer, \u00ebsht\u00eb pron\u00eb e Albamedia ose furnizuesve t\u00eb saj t\u00eb p\u00ebrmbajtjes dhe mbrohet nga ligjet nd\u00ebrkomb\u00ebtare p\u00ebr t\u00eb drejtat e autorit. P\u00ebrdorimi i paautorizuar i \u00e7do p\u00ebrmbajtje \u00ebsht\u00eb i ndaluar.<\/p><ol start=\"6\"><li><strong> P\u00ebrmbajtja e p\u00ebrdoruesit<\/strong><\/li><\/ol><p>Ju mund t\u00eb paraqisni p\u00ebrmbajtje n\u00eb sajt, t\u00eb tilla si komente, dhe materiale t\u00eb tjera. Duke d\u00ebrguar p\u00ebrmbajtje, ju i jepni Albamedia nj\u00eb licenc\u00eb joekskluzive, pa honorare, t\u00eb p\u00ebrhershme dhe mbar\u00ebbot\u00ebrore p\u00ebr t\u00eb p\u00ebrdorur, riprodhuar, modifikuar dhe shp\u00ebrndar\u00eb p\u00ebrmbajtjen n\u00eb \u00e7do media.<\/p><ol start=\"7\"><li><strong> Siguria e llogaris\u00eb<\/strong><\/li><\/ol><p>N\u00ebse krijoni nj\u00eb llogari n\u00eb faqen ton\u00eb, ju jeni p\u00ebrgjegj\u00ebs p\u00ebr ruajtjen e konfidencialitetit t\u00eb llogaris\u00eb dhe fjal\u00ebkalimit tuaj dhe p\u00ebr kufizimin e aksesit n\u00eb kompjuterin tuaj. Ju pranoni p\u00ebrgjegj\u00ebsin\u00eb p\u00ebr t\u00eb gjitha aktivitetet q\u00eb ndodhin n\u00eb llogarin\u00eb tuaj.<\/p><ol start=\"8\"><li><strong> Nd\u00ebrprerja<\/strong><\/li><\/ol><p>Ne rezervojm\u00eb t\u00eb drejt\u00ebn t\u00eb nd\u00ebrpresim ose pezullojm\u00eb aksesin tuaj n\u00eb faqe dhe sh\u00ebrbime sipas gjykimit ton\u00eb, pa paralajm\u00ebrim, p\u00ebr sjellje q\u00eb ne besojm\u00eb se shkel k\u00ebto kushte ose \u00ebsht\u00eb e d\u00ebmshme p\u00ebr p\u00ebrdoruesit e tjer\u00eb.<\/p><ol start=\"9\"><li><strong> Mohim i garancive<\/strong><\/li><\/ol><p>Faqja dhe sh\u00ebrbimet ofrohen &#8220;si\u00e7 \u00ebsht\u00eb&#8221; dhe &#8220;si\u00e7 disponohen&#8221; pa asnj\u00eb lloj garancie. Albamedia nuk garanton q\u00eb faqja do t\u00eb jet\u00eb e pand\u00ebrprer\u00eb ose pa gabime.<\/p><ol start=\"10\"><li><strong> Kufizimi i p\u00ebrgjegj\u00ebsis\u00eb<\/strong><\/li><\/ol><p>N\u00eb asnj\u00eb rast Albamedia nuk do t\u00eb jet\u00eb p\u00ebrgjegj\u00ebse p\u00ebr ndonj\u00eb d\u00ebmtim t\u00eb t\u00ebrthort\u00eb, t\u00eb rast\u00ebsish\u00ebm, t\u00eb ve\u00e7ant\u00eb ose pasues q\u00eb rrjedh nga ose n\u00eb lidhje me p\u00ebrdorimin tuaj t\u00eb faqes ose sh\u00ebrbimeve.<\/p><ol start=\"11\"><li><strong> Ligji n\u00eb fuqi<\/strong><\/li><\/ol><p>K\u00ebto kushte do t\u00eb rregullohen dhe interpretohen n\u00eb p\u00ebrputhje me ligjet e Shqip\u00ebris\u00eb, pa marr\u00eb parasysh parimet e saj t\u00eb konfliktit t\u00eb ligjit.<\/p><ol start=\"12\"><li><strong> Sh\u00ebrbimi ndaj klientit<\/strong><\/li><\/ol><p>N\u00ebse keni ndonj\u00eb pyetje n\u00eb lidhje me k\u00ebto kushte, ju lutemi na kontaktoni n\u00eb:<\/p><p>&#8211; Email: info@albamedia.al<\/p><p>&#8211; Adresa: Rr. Hiqmet Delvina, Nd. 4, H. 1, Tiran\u00eb, Shqip\u00ebri<\/p><p><em>Duke p\u00ebrdorur k\u00ebt\u00eb faqe interneti, ju pranoni se i keni lexuar dhe kuptuar k\u00ebto Kushte dhe Kushte dhe pranoni t\u00eb jeni t\u00eb detyruar nga to.<\/em><\/p>\t\t\t\t\t\t\t\t<\/div>\n\t\t\t\t<\/div>\n\t\t\t\t\t<\/div>\n\t\t<\/div>\n\t\t\t\t\t<\/div>\n\t\t<\/section>\n\t\t\t\t<\/div>","protected":false},"excerpt":{"rendered":"<p>Termat &#038; Kushtet \u00a0 \u00a0 P\u00ebrdit\u00ebsimi i fundit: 22.07.2024 Mir\u00ebsevini n\u00eb Albamedia! Duke p\u00ebrdorur faqen ton\u00eb t\u00eb internetit dhe sh\u00ebrbimet tona, ju pranoni t\u00eb pajtoheni dhe t\u00eb jeni t\u00eb detyruar nga termat dhe kushtet e m\u00ebposhtme. Ju lutemi rishikoni ato me kujdes. Pranimi i kushteve Duke hyr\u00eb dhe duke p\u00ebrdorur faqen dhe sh\u00ebrbimet e Albamedia, [&hellip;]<\/p>","protected":false},"author":1,"featured_media":0,"parent":0,"menu_order":0,"comment_status":"closed","ping_status":"closed","template":"elementor_header_footer","meta":{"inline_featured_image":false,"footnotes":""},"class_list":["post-3967","page","type-page","status-publish","hentry"],"_links":{"self":[{"href":"https:\/\/albamedia.al\/en\/wp-json\/wp\/v2\/pages\/3967","targetHints":{"allow":["GET"]}}],"collection":[{"href":"https:\/\/albamedia.al\/en\/wp-json\/wp\/v2\/pages"}],"about":[{"href":"https:\/\/albamedia.al\/en\/wp-json\/wp\/v2\/types\/page"}],"author":[{"embeddable":true,"href":"https:\/\/albamedia.al\/en\/wp-json\/wp\/v2\/users\/1"}],"replies":[{"embeddable":true,"href":"https:\/\/albamedia.al\/en\/wp-json\/wp\/v2\/comments?post=3967"}],"version-history":[{"count":4,"href":"https:\/\/albamedia.al\/en\/wp-json\/wp\/v2\/pages\/3967\/revisions"}],"predecessor-version":[{"id":3972,"href":"https:\/\/albamedia.al\/en\/wp-json\/wp\/v2\/pages\/3967\/revisions\/3972"}],"wp:attachment":[{"href":"https:\/\/albamedia.al\/en\/wp-json\/wp\/v2\/media?parent=3967"}],"curies":[{"name":"wp","href":"https:\/\/api.w.org\/{rel}","templated":true}]}}